	{"id":6,"date":"2020-09-02T08:00:11","date_gmt":"2020-09-02T08:00:11","guid":{"rendered":"http:\/\/sal.default.usal.es\/?page_id=2"},"modified":"2022-09-09T16:47:22","modified_gmt":"2022-09-09T16:47:22","slug":"num-3-febrero-2020","status":"publish","type":"page","link":"https:\/\/cripsiley.usal.es\/en\/num-3-febrero-2020\/","title":{"rendered":"No. 3 (February 2020)"},"content":{"rendered":"<p><strong>Posted on 02-03-2020<\/strong><\/p>\n<p><a href=\"https:\/\/cripsiley.usal.es\/wp-content\/uploads\/sites\/46\/2021\/12\/Cripsiley_3.pdf\"><strong>Full Number<\/strong><\/a><\/p>\n<h4><\/h4>\n<p>&nbsp;<\/p>\n<p><a href=\"https:\/\/cripsiley.usal.es\/wp-content\/uploads\/sites\/46\/2021\/12\/1-55_Marin\u0303o_Pe\u0301rez_Mari\u0301a._Ana\u0301lisis_del_perfil_geogra\u0301fico.pdf\"><b>Analysis of the geographical profile of Juana Barraza Samperio &#8220;La Mataviejas&#8221;<\/b><\/a><\/p>\n<p>Mar\u00eda Mari\u00f1o P\u00e9rez<\/p>\n<p>(pp. 1-55)<\/p>\n<h4><\/h4>\n<p><a href=\"https:\/\/cripsiley.usal.es\/wp-content\/uploads\/sites\/46\/2021\/12\/56-91_Marti\u0301n_Arago\u0301n_Mari\u0301a_del_Mar._Framing_LGTB-phobic_incidents.pdf\"><strong>Framing LGTB-phobic incidents in Spain: Beyond hate crimes<\/strong><\/a><\/p>\n<p>Mar\u00eda del Mar Mart\u00edn Arag\u00f3n<\/p>\n<p>(pp. 56-91)<\/p>\n<h4><\/h4>\n<p><a href=\"https:\/\/cripsiley.usal.es\/wp-content\/uploads\/sites\/46\/2021\/12\/93-115_Maci\u0301as_Go\u0301mez_Ana._El_desarrollo_psicosocial_de_nin\u0303os_y_nin\u0303as_institucionalizados.pdf\"><strong>The psychosocial development of institutionalized children aged 0 to 3 years: an analysis of the psychosocial effect of deprivation of the family environment in Ecuador<\/strong><\/a><\/p>\n<p>Ana Mac\u00edas G\u00f3mez<\/p>\n<p>(pp. 93-115)<\/p>\n<h4><\/h4>\n<p><a href=\"https:\/\/cripsiley.usal.es\/wp-content\/uploads\/sites\/46\/2021\/12\/116-145_Vicente_Vicente_Ana_Mari\u0301a._Cine_documental_sobre_ETA.pdf\"><strong>Documentary film about ETA<\/strong><\/a><\/p>\n<p>Ana Mar\u00eda Vicente Vicente<\/p>\n<p>(pp. 116-145)<\/p>\n<h4><\/h4>\n<p><strong><a href=\"https:\/\/cripsiley.usal.es\/wp-content\/uploads\/sites\/46\/2021\/12\/146-201_Pe\u0301rez_Garci\u0301a_Noelia._Protocolo_de_intervencio\u0301n_multicomponente.pdf\">Multicomponent intervention protocol for adult patients with a cocaine dependence problem<\/a><\/strong><\/p>\n<p>Noelia P\u00e9rez Garc\u00eda<\/p>\n<p>(pp. 146-201)<\/p>\n<p>&nbsp;<\/p>\n<p><a href=\"https:\/\/cripsiley.usal.es\/en\/numeros-anteriores\/\"><strong>All issues &gt;<\/strong><\/a><\/p>","protected":false},"excerpt":{"rendered":"<p>Posted on 02-03-2020 Full Number &nbsp; Analysis of the geographical profile of Juana Barraza Samperio &#8220;La Mataviejas&#8221; Mar\u00eda Mari\u00f1o P\u00e9rez (pp. 1-55) Framing LGTB-phobic incidents in Spain: Beyond hate crimes Mar\u00eda del Mar Mart\u00edn Arag\u00f3n (pp. 56-91) The psychosocial development of institutionalized children aged 0 to 3 years: an analysis of the psychosocial effect of <a class=\"read-more\" href=\"https:\/\/cripsiley.usal.es\/en\/num-3-febrero-2020\/\">Leer m&aacute;s<\/a><\/p>\n","protected":false},"author":1,"featured_media":0,"parent":0,"menu_order":0,"comment_status":"closed","ping_status":"open","template":"","meta":{"footnotes":""},"class_list":["post-6","page","type-page","status-publish","hentry"],"aioseo_notices":[],"_links":{"self":[{"href":"https:\/\/cripsiley.usal.es\/en\/wp-json\/wp\/v2\/pages\/6","targetHints":{"allow":["GET"]}}],"collection":[{"href":"https:\/\/cripsiley.usal.es\/en\/wp-json\/wp\/v2\/pages"}],"about":[{"href":"https:\/\/cripsiley.usal.es\/en\/wp-json\/wp\/v2\/types\/page"}],"author":[{"embeddable":true,"href":"https:\/\/cripsiley.usal.es\/en\/wp-json\/wp\/v2\/users\/1"}],"replies":[{"embeddable":true,"href":"https:\/\/cripsiley.usal.es\/en\/wp-json\/wp\/v2\/comments?post=6"}],"version-history":[{"count":14,"href":"https:\/\/cripsiley.usal.es\/en\/wp-json\/wp\/v2\/pages\/6\/revisions"}],"predecessor-version":[{"id":741,"href":"https:\/\/cripsiley.usal.es\/en\/wp-json\/wp\/v2\/pages\/6\/revisions\/741"}],"wp:attachment":[{"href":"https:\/\/cripsiley.usal.es\/en\/wp-json\/wp\/v2\/media?parent=6"}],"curies":[{"name":"wp","href":"https:\/\/api.w.org\/{rel}","templated":true}]}}