	{"id":461,"date":"2019-09-03T08:00:55","date_gmt":"2019-09-03T08:00:55","guid":{"rendered":"https:\/\/cripsiley.usal.es\/?page_id=461"},"modified":"2022-09-09T17:04:35","modified_gmt":"2022-09-09T17:04:35","slug":"num-1-marzo-2019","status":"publish","type":"page","link":"https:\/\/cripsiley.usal.es\/en\/numeros-anteriores\/num-1-marzo-2019\/","title":{"rendered":"No. 1 (March 2019)"},"content":{"rendered":"<p><strong>Posted on 02-01-2019<\/strong><\/p>\n<p><a href=\"https:\/\/cripsiley.usal.es\/wp-content\/uploads\/sites\/46\/2021\/12\/Cripsiley_1.pdf\"><strong>Full Number<\/strong><\/a><\/p>\n<p>&nbsp;<\/p>\n<h4><\/h4>\n<p><a href=\"https:\/\/cripsiley.usal.es\/wp-content\/uploads\/sites\/46\/2021\/12\/1-26_Pastor_Burdisa_M._Suicidio.pdf\"><strong>Suicide. The condemnation of the pawns of drug trafficking<\/strong><\/a><\/p>\n<p>Mar\u00eda Pasto Bardisa<\/p>\n<p>(pp. 1-26)<\/p>\n<h4><\/h4>\n<p><a href=\"https:\/\/cripsiley.usal.es\/wp-content\/uploads\/sites\/46\/2021\/12\/27-56_Garci\u0301a_Alcalde_N._Obtencio\u0301n_de_inteligencia.pdf\"><strong>Obtaining intelligence in situations of threat to national security. HUMINT<\/strong><\/a><\/p>\n<p>Noem\u00ed Garc\u00eda Alcalde<\/p>\n<p>(pp. 27-56)<\/p>\n<h4><\/h4>\n<p><a href=\"https:\/\/cripsiley.usal.es\/wp-content\/uploads\/sites\/46\/2021\/12\/57-99_Garrido_Lo\u0301pez_I._Criminalidad_femenina.pdf\"><strong>Female criminality. An approximation to the profile of the serial killer<\/strong><\/a><\/p>\n<p>Isabel Garrido L\u00f3pez<\/p>\n<p>(pp. 57-99)<\/p>\n<h4><\/h4>\n<p><a href=\"https:\/\/cripsiley.usal.es\/wp-content\/uploads\/sites\/46\/2021\/12\/100-128_Cosgaya_Pe\u0301rez_P._Adecacio\u0301n_neuropsicolo\u0301gica.pdf\"><strong>Neuropsychological involvement in battered women<\/strong><\/a><\/p>\n<p>Paola Cosgaya P\u00e9rez<\/p>\n<p>(pp. 100-128)<\/p>\n<h4><\/h4>\n<p><a href=\"https:\/\/cripsiley.usal.es\/wp-content\/uploads\/sites\/46\/2021\/12\/129-158_Romano_Hisado_P._S._Enjuiciamiento_de_los_nuevos_delitos_leves.pdf\"><strong>The prosecution of new crimes after the reform of the Criminal Procedure Law<\/strong><\/a><\/p>\n<p>Pablo Samuel Romano Hisado<\/p>\n<p>(pp. 129-158)<\/p>\n<h4><\/h4>\n<p><a href=\"https:\/\/cripsiley.usal.es\/wp-content\/uploads\/sites\/46\/2021\/12\/159-182_Puertas_Marti\u0301n_M._I._Estudio_sobre_los_testigos_de_entrevistas.pdf\"><strong>Study on the types of interviews in witness testimony<\/strong><\/a><\/p>\n<p>Mar\u00eda Isabel Puertas Mart\u00edn<\/p>\n<p>(pp. 159-182)<\/p>\n<p>&nbsp;<\/p>\n<p><a href=\"https:\/\/cripsiley.usal.es\/en\/numeros-anteriores\/\"><strong>All issues &gt;<\/strong><\/a><\/p>","protected":false},"excerpt":{"rendered":"<p>Posted on 02-01-2019 Full Number &nbsp; Suicide. The condemnation of the pawns of drug trafficking Mar\u00eda Pasto Bardisa (pp. 1-26) Obtaining intelligence in situations of threat to national security. HUMINT Noem\u00ed Garc\u00eda Alcalde (pp. 27-56) Female criminality. An approximation to the profile of the serial killer Isabel Garrido L\u00f3pez (pp. 57-99) Neuropsychological involvement in battered <a class=\"read-more\" href=\"https:\/\/cripsiley.usal.es\/en\/numeros-anteriores\/num-1-marzo-2019\/\">Leer m&aacute;s<\/a><\/p>\n","protected":false},"author":27,"featured_media":0,"parent":185,"menu_order":0,"comment_status":"closed","ping_status":"closed","template":"","meta":{"footnotes":""},"class_list":["post-461","page","type-page","status-publish","hentry"],"aioseo_notices":[],"_links":{"self":[{"href":"https:\/\/cripsiley.usal.es\/en\/wp-json\/wp\/v2\/pages\/461","targetHints":{"allow":["GET"]}}],"collection":[{"href":"https:\/\/cripsiley.usal.es\/en\/wp-json\/wp\/v2\/pages"}],"about":[{"href":"https:\/\/cripsiley.usal.es\/en\/wp-json\/wp\/v2\/types\/page"}],"author":[{"embeddable":true,"href":"https:\/\/cripsiley.usal.es\/en\/wp-json\/wp\/v2\/users\/27"}],"replies":[{"embeddable":true,"href":"https:\/\/cripsiley.usal.es\/en\/wp-json\/wp\/v2\/comments?post=461"}],"version-history":[{"count":10,"href":"https:\/\/cripsiley.usal.es\/en\/wp-json\/wp\/v2\/pages\/461\/revisions"}],"predecessor-version":[{"id":743,"href":"https:\/\/cripsiley.usal.es\/en\/wp-json\/wp\/v2\/pages\/461\/revisions\/743"}],"up":[{"embeddable":true,"href":"https:\/\/cripsiley.usal.es\/en\/wp-json\/wp\/v2\/pages\/185"}],"wp:attachment":[{"href":"https:\/\/cripsiley.usal.es\/en\/wp-json\/wp\/v2\/media?parent=461"}],"curies":[{"name":"wp","href":"https:\/\/api.w.org\/{rel}","templated":true}]}}