	{"id":458,"date":"2020-02-04T08:00:39","date_gmt":"2020-02-04T08:00:39","guid":{"rendered":"https:\/\/cripsiley.usal.es\/?page_id=458"},"modified":"2022-09-09T16:47:33","modified_gmt":"2022-09-09T16:47:33","slug":"num-2-septiembre-2019","status":"publish","type":"page","link":"https:\/\/cripsiley.usal.es\/en\/num-2-septiembre-2019\/","title":{"rendered":"No. 2 (September 2019)"},"content":{"rendered":"<p><strong>Posted on 09-02-2019<\/strong><\/p>\n<p><a href=\"https:\/\/cripsiley.usal.es\/wp-content\/uploads\/sites\/46\/2021\/12\/Cripsiley_2.pdf\"><strong>Full Number<\/strong><\/a><\/p>\n<p>&nbsp;<\/p>\n<h4><\/h4>\n<p><strong><a href=\"https:\/\/cripsiley.usal.es\/wp-content\/uploads\/sites\/46\/2021\/12\/1-38_A\u0301lvarez_A\u0301lvarez_S._El_feno\u0301meno_sectario_y_la_figura_del_li\u0301der.pdf\">The sectarian phenomenon and the figure of the leader as the cornerstone of the group<\/a><\/strong><\/p>\n<p>Sara \u00c1lvarez \u00c1lvarez<\/p>\n<p>(pp. 1-38)<\/p>\n<h4><\/h4>\n<p><a href=\"https:\/\/cripsiley.usal.es\/wp-content\/uploads\/sites\/46\/2021\/12\/39-75_Gonza\u0301lez_Herna\u0301ndez_L._Agresiones_sexuales_universitarias.pdf\"><strong>Sexual assaults on university students belonging to the University of Salamanca<\/strong><\/a><\/p>\n<p>Luc\u00eda Gonz\u00e1lez Hern\u00e1ndez<\/p>\n<p>(pp. 39-75)<\/p>\n<h4><\/h4>\n<p><a href=\"https:\/\/cripsiley.usal.es\/wp-content\/uploads\/sites\/46\/2021\/12\/76-97_Andre\u0301s_Regalado_B._Terrorismo_en_Espan\u0303a_y_formacio\u0301n_de_la_identidad_vasca.pdf\"><strong>Terrorism in Spain and formation of the Basque identity. Basque radical rock and other own symbols<\/strong><\/a><\/p>\n<p>Beatriz Andr\u00e9s Regalado<\/p>\n<p>(pp. 76-97)<\/p>\n<h4><\/h4>\n<p><a href=\"https:\/\/cripsiley.usal.es\/wp-content\/uploads\/sites\/46\/2021\/12\/98-132_Villaa\u0301fila_Samaniego_I._Vi\u0301ctimas_de_asesinos_en_serie_espan\u0303oles.pdf\"><strong>Spanish serial killer victims<\/strong><\/a><\/p>\n<p>Isabel Villaf\u00e1fila Samaniego<\/p>\n<p>(pp. 98-132)<\/p>\n<h4><\/h4>\n<p><a href=\"https:\/\/cripsiley.usal.es\/wp-content\/uploads\/sites\/46\/2021\/12\/133-152_Rovelo_Ecoto_N._C._y_Borja_D._Aproximaciones_psicoanali\u0301ticas_sobre_las_mujeres.pdf\"><strong>Psychoanalytic approaches on women who exercise violence and crime<\/strong><\/a><\/p>\n<p>Nubia Carolina Rovelo Escoto y Daniel Borja<\/p>\n<p>(pp. 133-152)<\/p>\n<h4><\/h4>\n<p><a href=\"https:\/\/cripsiley.usal.es\/wp-content\/uploads\/sites\/46\/2021\/12\/153-182_Colomo_Romero_C._Perspectiva_criminolo\u0301gica_en_el_mundo_del_comic.pdf\"><strong>Criminological perspective in the world of comics: Batman and Joker binomial<\/strong><\/a><\/p>\n<p>Carmen Colomo Romero<\/p>\n<p>(pp. 153-182)<\/p>\n<p>&nbsp;<\/p>\n<p><a href=\"https:\/\/cripsiley.usal.es\/en\/numeros-anteriores\/\"><strong>All issues &gt;<\/strong><\/a><\/p>","protected":false},"excerpt":{"rendered":"<p>Posted on 09-02-2019 Full Number &nbsp; The sectarian phenomenon and the figure of the leader as the cornerstone of the group Sara \u00c1lvarez \u00c1lvarez (pp. 1-38) Sexual assaults on university students belonging to the University of Salamanca Luc\u00eda Gonz\u00e1lez Hern\u00e1ndez (pp. 39-75) Terrorism in Spain and formation of the Basque identity. Basque radical rock and <a class=\"read-more\" href=\"https:\/\/cripsiley.usal.es\/en\/num-2-septiembre-2019\/\">Leer m&aacute;s<\/a><\/p>\n","protected":false},"author":27,"featured_media":0,"parent":0,"menu_order":0,"comment_status":"closed","ping_status":"closed","template":"","meta":{"footnotes":""},"class_list":["post-458","page","type-page","status-publish","hentry"],"aioseo_notices":[],"_links":{"self":[{"href":"https:\/\/cripsiley.usal.es\/en\/wp-json\/wp\/v2\/pages\/458","targetHints":{"allow":["GET"]}}],"collection":[{"href":"https:\/\/cripsiley.usal.es\/en\/wp-json\/wp\/v2\/pages"}],"about":[{"href":"https:\/\/cripsiley.usal.es\/en\/wp-json\/wp\/v2\/types\/page"}],"author":[{"embeddable":true,"href":"https:\/\/cripsiley.usal.es\/en\/wp-json\/wp\/v2\/users\/27"}],"replies":[{"embeddable":true,"href":"https:\/\/cripsiley.usal.es\/en\/wp-json\/wp\/v2\/comments?post=458"}],"version-history":[{"count":10,"href":"https:\/\/cripsiley.usal.es\/en\/wp-json\/wp\/v2\/pages\/458\/revisions"}],"predecessor-version":[{"id":742,"href":"https:\/\/cripsiley.usal.es\/en\/wp-json\/wp\/v2\/pages\/458\/revisions\/742"}],"wp:attachment":[{"href":"https:\/\/cripsiley.usal.es\/en\/wp-json\/wp\/v2\/media?parent=458"}],"curies":[{"name":"wp","href":"https:\/\/api.w.org\/{rel}","templated":true}]}}