	{"id":133,"date":"2021-02-02T08:00:32","date_gmt":"2021-02-02T08:00:32","guid":{"rendered":"http:\/\/cripsiley.usal.es\/?page_id=133"},"modified":"2022-09-09T16:47:09","modified_gmt":"2022-09-09T16:47:09","slug":"num-4-septiembre-2020","status":"publish","type":"page","link":"https:\/\/cripsiley.usal.es\/en\/num-4-septiembre-2020\/","title":{"rendered":"No. 4 (September 2020)"},"content":{"rendered":"<p><strong>Posted on 09-01-2020<\/strong><\/p>\n<p><a href=\"https:\/\/cripsiley.usal.es\/wp-content\/uploads\/sites\/46\/2021\/12\/Cripsiley_4.pdf\"><strong>Full Number<\/strong><\/a><\/p>\n<h4><\/h4>\n<p>&nbsp;<\/p>\n<p><a href=\"https:\/\/cripsiley.usal.es\/wp-content\/uploads\/sites\/46\/2021\/12\/1-38_Ruiz_Sa\u0301enz_Elsa._Programa_de_prevecio\u0301n_de_carencias_especi\u0301ficas.pdf\"><b>Program for the prevention of specific deficiencies. Criminological intervention in the primary educational field<\/b><\/a><\/p>\n<p>Elsa Ruiz S\u00e1enz<\/p>\n<p>(pp. 1-38)<\/p>\n<h4><\/h4>\n<p><a href=\"https:\/\/cripsiley.usal.es\/wp-content\/uploads\/sites\/46\/2021\/12\/39-84_Garci\u0301a_Antoli\u0301n_Ara\u0301nzazu_del_Pilar._El_contexto_histo\u0301rico_tras_la_oleada_de_asesinatos_en_serie.pdf\"><strong>The historical context behind the wave of serial murders of 1974-1994 in the United States<\/strong><\/a><\/p>\n<p>Ar\u00e1nzazu del Pilar Garc\u00eda Antol\u00edn<\/p>\n<p>(pp. 39-84)<\/p>\n<h4><\/h4>\n<p><a href=\"https:\/\/cripsiley.usal.es\/wp-content\/uploads\/sites\/46\/2021\/12\/85-117_Frena\u0301ndez_Belmonte_Lorena._Estudio_del_perfil_del_parricida.pdf\"><strong>Study of the parricide profile in the Spanish jurisprudence of the first two decades of the 21st century<\/strong><\/a><\/p>\n<p>Lorena Fern\u00e1ndez Belmonte<\/p>\n<p>(pp. 85-117)<\/p>\n<h4><\/h4>\n<p><a href=\"https:\/\/cripsiley.usal.es\/wp-content\/uploads\/sites\/46\/2021\/12\/118-176_Pastor_Bardisa_Mari\u0301a._La_validez_de_la_figura_del_crimino\u0301logo.pdf\"><strong>The validity of the figure of the criminologist in the penitentiary field<\/strong><\/a><\/p>\n<p>Mar\u00eda Pastor Bardisa<\/p>\n<p>(pp. 118-176)<\/p>\n<h4><\/h4>\n<p><a href=\"https:\/\/cripsiley.usal.es\/wp-content\/uploads\/sites\/46\/2021\/12\/177-212_Ferna\u0301ndez_Lo\u0301pez-Acevedo_Mari\u0301a._perfilacio\u0301n_criminal_de_mujeres.pdf\"><b>Criminal profiling of violent and psychopathic women<\/b><\/a><\/p>\n<p>Mar\u00eda Fern\u00e1ndez L\u00f3pez-Acevedo<\/p>\n<p>(pp. 177-212)<\/p>\n<p>&nbsp;<\/p>\n<p><a href=\"https:\/\/cripsiley.usal.es\/en\/numeros-anteriores\/\"><strong>All issues &gt;<\/strong><\/a><\/p>","protected":false},"excerpt":{"rendered":"<p>Posted on 09-01-2020 Full Number &nbsp; Program for the prevention of specific deficiencies. Criminological intervention in the primary educational field Elsa Ruiz S\u00e1enz (pp. 1-38) The historical context behind the wave of serial murders of 1974-1994 in the United States Ar\u00e1nzazu del Pilar Garc\u00eda Antol\u00edn (pp. 39-84) Study of the parricide profile in the Spanish <a class=\"read-more\" href=\"https:\/\/cripsiley.usal.es\/en\/num-4-septiembre-2020\/\">Leer m&aacute;s<\/a><\/p>\n","protected":false},"author":1,"featured_media":0,"parent":0,"menu_order":0,"comment_status":"closed","ping_status":"closed","template":"","meta":{"footnotes":""},"class_list":["post-133","page","type-page","status-publish","hentry"],"aioseo_notices":[],"_links":{"self":[{"href":"https:\/\/cripsiley.usal.es\/en\/wp-json\/wp\/v2\/pages\/133","targetHints":{"allow":["GET"]}}],"collection":[{"href":"https:\/\/cripsiley.usal.es\/en\/wp-json\/wp\/v2\/pages"}],"about":[{"href":"https:\/\/cripsiley.usal.es\/en\/wp-json\/wp\/v2\/types\/page"}],"author":[{"embeddable":true,"href":"https:\/\/cripsiley.usal.es\/en\/wp-json\/wp\/v2\/users\/1"}],"replies":[{"embeddable":true,"href":"https:\/\/cripsiley.usal.es\/en\/wp-json\/wp\/v2\/comments?post=133"}],"version-history":[{"count":10,"href":"https:\/\/cripsiley.usal.es\/en\/wp-json\/wp\/v2\/pages\/133\/revisions"}],"predecessor-version":[{"id":740,"href":"https:\/\/cripsiley.usal.es\/en\/wp-json\/wp\/v2\/pages\/133\/revisions\/740"}],"wp:attachment":[{"href":"https:\/\/cripsiley.usal.es\/en\/wp-json\/wp\/v2\/media?parent=133"}],"curies":[{"name":"wp","href":"https:\/\/api.w.org\/{rel}","templated":true}]}}