	{"id":129,"date":"2021-09-02T08:00:12","date_gmt":"2021-09-02T08:00:12","guid":{"rendered":"http:\/\/cripsiley.usal.es\/?page_id=129"},"modified":"2022-09-09T16:46:35","modified_gmt":"2022-09-09T16:46:35","slug":"num-5-febrero-2021","status":"publish","type":"page","link":"https:\/\/cripsiley.usal.es\/en\/num-5-febrero-2021\/","title":{"rendered":"No. 5 (February 2021)"},"content":{"rendered":"<p><strong>Posted on 02-01-2021<\/strong><\/p>\n<p><a href=\"https:\/\/cripsiley.usal.es\/wp-content\/uploads\/sites\/46\/2022\/09\/Nu\u0301mero-5.pdf\"><strong>Full number<\/strong><\/a><\/p>\n<p>&nbsp;<\/p>\n<p>&nbsp;<\/p>\n<p><strong><a href=\"https:\/\/cripsiley.usal.es\/wp-content\/uploads\/sites\/46\/2022\/09\/1-46_Tera\u0301n_Rubio_Andrea_El_periodo_de_enfriamiento_emocional.pdf\">The period of emotional cooling: the search for a pattern that limits it<\/a>\u00a0<\/strong><\/p>\n<p>Andrea Ter\u00e1n Rubio<\/p>\n<p>(pp. 1-46)<\/p>\n<h4><\/h4>\n<p><a href=\"https:\/\/cripsiley.usal.es\/wp-content\/uploads\/sites\/46\/2022\/09\/47-49_Rodri\u0301guez_Espinosa_Jesu\u0301s_Evolucio\u0301n_del_Terrorismo_en_Espan\u0303a.pdf\"><strong>Evolution of terrorism in Spain<\/strong><\/a><\/p>\n<p>Jes\u00fas Rodr\u00edguez Espinosa<\/p>\n<p>(pp. 47-89)<\/p>\n<h4><\/h4>\n<p><a href=\"https:\/\/cripsiley.usal.es\/wp-content\/uploads\/sites\/46\/2022\/09\/90-148_Marti\u0301n_Rodri\u0301guez_Marina_Perfil_criminolo\u0301gico_de_Antonio_A\u0301ngel_Ortiz_Marti\u0301nez.pdf\"><strong>Criminological profile of Antonio \u00c1ngel Ortiz Mart\u00ednez<\/strong><\/a><\/p>\n<p>Marina Mart\u00edn Rodr\u00edguez<\/p>\n<p>(pp. 90-148)<\/p>\n<h4><\/h4>\n<p><a href=\"https:\/\/cripsiley.usal.es\/wp-content\/uploads\/sites\/46\/2022\/09\/149-240_Balata_Souto_Marco_Aplicacio\u0301n_del_ana\u0301lisis_de_la_conducta_criminal_para_la_mejora_del_agente_encubierto.pdf\"><strong>Application of Criminal Behavior Analysis for Undercover Agent Improvement\u00a0<\/strong><\/a><\/p>\n<p>Marco Balata Souto<\/p>\n<p>(pp. 149-240)<\/p>\n<p>&nbsp;<\/p>\n<p><a href=\"https:\/\/cripsiley.usal.es\/en\/numeros-anteriores\/\"><strong>All issues &gt;<\/strong><\/a><\/p>","protected":false},"excerpt":{"rendered":"<p>Posted on 02-01-2021 Full number &nbsp; &nbsp; The period of emotional cooling: the search for a pattern that limits it\u00a0 Andrea Ter\u00e1n Rubio (pp. 1-46) Evolution of terrorism in Spain Jes\u00fas Rodr\u00edguez Espinosa (pp. 47-89) Criminological profile of Antonio \u00c1ngel Ortiz Mart\u00ednez Marina Mart\u00edn Rodr\u00edguez (pp. 90-148) Application of Criminal Behavior Analysis for Undercover Agent <a class=\"read-more\" href=\"https:\/\/cripsiley.usal.es\/en\/num-5-febrero-2021\/\">Leer m&aacute;s<\/a><\/p>\n","protected":false},"author":1,"featured_media":0,"parent":0,"menu_order":0,"comment_status":"closed","ping_status":"closed","template":"","meta":{"footnotes":""},"class_list":["post-129","page","type-page","status-publish","hentry"],"aioseo_notices":[],"_links":{"self":[{"href":"https:\/\/cripsiley.usal.es\/en\/wp-json\/wp\/v2\/pages\/129","targetHints":{"allow":["GET"]}}],"collection":[{"href":"https:\/\/cripsiley.usal.es\/en\/wp-json\/wp\/v2\/pages"}],"about":[{"href":"https:\/\/cripsiley.usal.es\/en\/wp-json\/wp\/v2\/types\/page"}],"author":[{"embeddable":true,"href":"https:\/\/cripsiley.usal.es\/en\/wp-json\/wp\/v2\/users\/1"}],"replies":[{"embeddable":true,"href":"https:\/\/cripsiley.usal.es\/en\/wp-json\/wp\/v2\/comments?post=129"}],"version-history":[{"count":10,"href":"https:\/\/cripsiley.usal.es\/en\/wp-json\/wp\/v2\/pages\/129\/revisions"}],"predecessor-version":[{"id":738,"href":"https:\/\/cripsiley.usal.es\/en\/wp-json\/wp\/v2\/pages\/129\/revisions\/738"}],"wp:attachment":[{"href":"https:\/\/cripsiley.usal.es\/en\/wp-json\/wp\/v2\/media?parent=129"}],"curies":[{"name":"wp","href":"https:\/\/api.w.org\/{rel}","templated":true}]}}