	{"id":108,"date":"2021-12-09T14:52:05","date_gmt":"2021-12-09T14:52:05","guid":{"rendered":"http:\/\/cripsiley.usal.es\/?page_id=108"},"modified":"2021-12-14T09:42:16","modified_gmt":"2021-12-14T09:42:16","slug":"equipo-editorial","status":"publish","type":"page","link":"https:\/\/cripsiley.usal.es\/en\/equipo-editorial\/","title":{"rendered":"Editorial team"},"content":{"rendered":"<p><\/p>\n<h4><span style=\"color: #800000\">DIRECTORS<\/span><\/h4>\n<p><strong>Prof. PhD. Fco Javier de Santiago Herrero<\/strong><\/p>\n<p>University of Salamanca (SPAIN)<\/p>\n<p><strong>Prof. PhD. Luis Miguel S\u00e1nchez Gil<\/strong><\/p>\n<p>University of Salamanca (SPAIN)<\/p>\n<p>&nbsp;<\/p>\n<h4><span style=\"color: #800000\">EDITION<\/span><\/h4>\n<p><strong>Criminal Behavior Analysis Unit of the University of Salamanca<\/strong><\/p>\n<p>&nbsp;<\/p>\n<h4><span style=\"color: #800000\">EDITORIAL Board<\/span><\/h4>\n<p><strong>Prof. Jos\u00e9 Mar\u00eda Fern\u00e1ndez Mart\u00ednez<\/strong><\/p>\n<p>Coordinator of the Legal Psychology Section of the Official College of Psychologists of Madrid (SPAIN)<\/p>\n<p><strong>Prof. PhD. Vicente Ortiz Oria<\/strong><\/p>\n<p>President of the Psychoanalytic Institute of Salamanca (SPAIN)<\/p>\n<p><strong>Prof. Tom\u00e1s Garc\u00eda Garc\u00eda<\/strong><\/p>\n<p>National Police School (SPAIN)<\/p>\n<p><strong>Prof. Carlos Fern\u00e1ndez Fern\u00e1ndez<\/strong><\/p>\n<p>Head of the Crimes Against Persons Team of the Organic Judicial Police Unit of the Guardia Civil of Le\u00f3n (SPAIN)<\/p>\n<p><strong>Prof. Daniel Clara S\u00e1nchez<\/strong><\/p>\n<p>Inspector of the Cuerpo Nacional de Polic\u00eda (SPAIN)<\/p>\n<p><strong>Prof. Miguel \u00c1ngel Lechuga Colera<\/strong><\/p>\n<p>Inspector of the Cuerpo Nacional de Polic\u00eda (SPAIN)<\/p>\n<p><strong>Prof. Oscar de Jorge Brito<\/strong><\/p>\n<p>Local Police of La Gomera, specialist in Citizen Security (SPAIN)<\/p>\n<p><strong>Prof. PhD. Sonia Patricia Muguica Mier<\/strong><\/p>\n<p>Mexican Psychoanalytic Center (MEXICO)<\/p>\n<p><strong>Prof. Laura Marcela Camargo Child<\/strong><\/p>\n<p>Colombian Institute of Family Welfare (COLOMBIA)<\/p>\n<p>&nbsp;<\/p>\n<h4><span style=\"color: #800000\">SCIENTIFIC COMITTEE<\/span><\/h4>\n<p><strong>Prof. PhD. Cristina Jenaro R\u00edo<\/strong><\/p>\n<p>Professor of the Department of Personality, Evaluation and Psychological Treatment of the University of Salamanca (SPAIN)<\/p>\n<p><strong>Prof. PhD. Santiago Redondo Illescas<\/strong><\/p>\n<p>Professor of the Department of Personality, Evaluation and Psychological Treatment of the University of Barcelona (SPAIN)<\/p>\n<p><strong>Prof. PhD. Vicente Garrido Genov\u00e9s<\/strong><\/p>\n<p>Professor of the Area of \u200b\u200bTheory of Education at the University of Valencia (SPAIN)<\/p>\n<p><strong>Prof. PhD. Noelia Flores Robaina<\/strong><\/p>\n<p>Professor of the Department of Personality, Evaluation and Treatment of the University of Salamanca (SPAIN)<\/p>\n<p><strong>Prof. PhD. Marta del Pozo P\u00e9rez<\/strong><\/p>\n<p>Professor of the Department of Administrative, Financial and Procedural Law of the University of Salamanca (SPAIN)<\/p>\n<p><strong>Prof. PhD. Jos\u00e9 Manuel Chill\u00f3n Lorenzo<\/strong><\/p>\n<p>Professor of the Department of Philosophy of the University of Valladolid (SPAIN)<\/p>\n<p><strong>Prof. PhD. Mar\u00eda Montfrag\u00fce Garc\u00eda Mateos<\/strong><\/p>\n<p>Professor of the Department of Personality, Evaluation and Treatment of the University of Salamanca (SPAIN)<\/p>\n<p><strong>Prof. PhD. Miguel David Guevara Espinar<\/strong><\/p>\n<p>Associate professor of the Department of Personality, Evaluation and Treatment of the University of Salamanca (SPAIN)<\/p>\n<p><strong>Prof. Milagros del Campo C\u00e1mara<\/strong><\/p>\n<p>Professor at the Isabel I University of Burgos (SPAIN)<\/p>\n<p><strong>Prof. PhD. Nubia Rovelo Escoto<\/strong><\/p>\n<p>Professor at the Faculty of Psychology of the Autonomous University of Quer\u00e9taro (MEXICO)<\/p>\n<p><strong>Prof. PhD. Ana Rita Russo<\/strong><\/p>\n<p>Lecturer in charge of the Master&#8217;s Degree in Clinical Psychology at the Universidad del Norte de Barranquilla (COLOMBIA)<\/p>\n<p><strong>Prof. PhD. Edith Aristiz\u00e1bal Diaz-Granados<\/strong><\/p>\n<p>Professor and coordinating researcher of the Specialization in Forensic Psychology at the Universidad del Norte de Barranquilla (COLOMBIA)<\/p>\n<p><strong>Prof. PhD. Edgar Alfonso Acu\u00f1a Berm\u00fadez<\/strong><\/p>\n<p>Professor and researcher of the Psychology Program of the San Buenaventura University of Cartagena (COLOMBIA)<\/p>\n<p><strong>Prof. PhD. V\u00edctor Manuel Pardo Maza<\/strong><\/p>\n<p>Professor and researcher of the Psychology Program of the San Buenaventura University of Cartagena (COLOMBIA)<\/p>\n<p><strong>Prof. PhD. Elias Geney Castro<\/strong><\/p>\n<p>Professor of the Psychology Area of \u200b\u200bthe Technological University of Bolivar (COLOMBIA)<\/p>\n<p><strong>Prof. Daniel Borja Chavarr\u00eda<\/strong><\/p>\n<p>Professor at the Faculty of Psychology of the Autonomous University of Quer\u00e9taro (MEXICO)<\/p>\n<p><strong>Prof. Dr. Jorge Rogelio P\u00e9rez Espinosa<\/strong><\/p>\n<p>Professor at the Faculty of Psychology of the Autonomous University of Quer\u00e9taro (MEXICO)<\/p>\n<p>&nbsp;<\/p>\n<h4><span style=\"color: #800000\">TECHNICAL ASSISTANCE<\/span><\/h4>\n<p><strong>Jesus Rivas Carballo<\/strong><\/p>\n<p>Computer Services of the University of Salamanca (SPAIN)<\/p>","protected":false},"excerpt":{"rendered":"<p>DIRECTORS Prof. PhD. Fco Javier de Santiago Herrero University of Salamanca (SPAIN) Prof. PhD. Luis Miguel S\u00e1nchez Gil University of Salamanca (SPAIN) &nbsp; EDITION Criminal Behavior Analysis Unit of the University of Salamanca &nbsp; EDITORIAL Board Prof. Jos\u00e9 Mar\u00eda Fern\u00e1ndez Mart\u00ednez Coordinator of the Legal Psychology Section of the Official College of Psychologists of Madrid <a class=\"read-more\" href=\"https:\/\/cripsiley.usal.es\/en\/equipo-editorial\/\">Leer m&aacute;s<\/a><\/p>\n","protected":false},"author":27,"featured_media":0,"parent":0,"menu_order":0,"comment_status":"closed","ping_status":"closed","template":"page-templates\/UnaColumnaSidebar.php","meta":{"footnotes":""},"class_list":["post-108","page","type-page","status-publish","hentry"],"aioseo_notices":[],"_links":{"self":[{"href":"https:\/\/cripsiley.usal.es\/en\/wp-json\/wp\/v2\/pages\/108","targetHints":{"allow":["GET"]}}],"collection":[{"href":"https:\/\/cripsiley.usal.es\/en\/wp-json\/wp\/v2\/pages"}],"about":[{"href":"https:\/\/cripsiley.usal.es\/en\/wp-json\/wp\/v2\/types\/page"}],"author":[{"embeddable":true,"href":"https:\/\/cripsiley.usal.es\/en\/wp-json\/wp\/v2\/users\/27"}],"replies":[{"embeddable":true,"href":"https:\/\/cripsiley.usal.es\/en\/wp-json\/wp\/v2\/comments?post=108"}],"version-history":[{"count":13,"href":"https:\/\/cripsiley.usal.es\/en\/wp-json\/wp\/v2\/pages\/108\/revisions"}],"predecessor-version":[{"id":668,"href":"https:\/\/cripsiley.usal.es\/en\/wp-json\/wp\/v2\/pages\/108\/revisions\/668"}],"wp:attachment":[{"href":"https:\/\/cripsiley.usal.es\/en\/wp-json\/wp\/v2\/media?parent=108"}],"curies":[{"name":"wp","href":"https:\/\/api.w.org\/{rel}","templated":true}]}}